{"id":1000,"date":"2024-04-26T10:42:43","date_gmt":"2024-04-26T10:42:43","guid":{"rendered":"https:\/\/federicobrunner.com\/?page_id=1000"},"modified":"2025-03-31T08:58:08","modified_gmt":"2025-03-31T08:58:08","slug":"tratamientos","status":"publish","type":"page","link":"https:\/\/federicobrunner.com\/en\/tratamientos\/","title":{"rendered":"Treatments"},"content":{"rendered":"<h1 class=\"wp-block-heading\">{post_title}<\/h1>\n\n<h2 class=\"wp-block-heading\">Let's start the journey together toward better dental health.<\/h2>\n\n<h2 class=\"wp-block-heading\">Primera consulta.<\/h2>\n\n<h3 class=\"wp-block-heading\">Abordaje para nuevos pacientes.<\/h3>\n\n<h3 class=\"wp-block-heading\">Historia m\u00e9dica.<\/h3>\n\nPara agilizar el proceso y brindarte la mejor atenci\u00f3n posible, cuando llegues a la Cl\u00ednica , se te solicitar\u00e1 que completes previamente un formulario con tus datos personales y datos m\u00e9dicos relevantes antes de nuestra cita. Esto nos permitir\u00e1 abrir una historia cl\u00ednica y registrar toda la informaci\u00f3n necesaria en el sistema operativo de la cl\u00ednica.\n\n<h3 class=\"wp-block-heading\">Radiograf\u00eda panor\u00e1mica.<\/h3>\n\nComo parte de mi Evaluaci\u00f3n General, realizaremos una Radiograf\u00eda Panor\u00e1mica, tambi\u00e9n conocida como radiograf\u00eda 2D u Ortopantomograf\u00eda, que me proporciona una visi\u00f3n integral de tu boca. Sin embargo, si ya te han realizado una radiograf\u00eda recientemente, por favor, inf\u00f3rmalo en recepci\u00f3n para evitar repetirla innecesariamente. En este caso, env\u00edanos la Radiograf\u00eda por correo electr\u00f3nico o tr\u00e1ela contigo el d\u00eda de la primera visita , para incluirla en tu Historial. En algunos casos, es posible que te solicite que te hagas esta radiograf\u00eda en un centro de radiolog\u00eda especializado.\n\n<figure class=\"wp-block-image size-full\"><img loading=\"lazy\" decoding=\"async\" width=\"914\" height=\"610\" src=\"https:\/\/federicobrunner.com\/wp-content\/uploads\/2024\/04\/Federico_BrunnerRecurso-3.webp\" alt class=\"wp-image-1014\" srcset=\"https:\/\/federicobrunner.com\/wp-content\/uploads\/2024\/04\/Federico_BrunnerRecurso-3.webp 914w, https:\/\/federicobrunner.com\/wp-content\/uploads\/2024\/04\/Federico_BrunnerRecurso-3-300x200.webp 300w, https:\/\/federicobrunner.com\/wp-content\/uploads\/2024\/04\/Federico_BrunnerRecurso-3-768x513.webp 768w, https:\/\/federicobrunner.com\/wp-content\/uploads\/2024\/04\/Federico_BrunnerRecurso-3-18x12.webp 18w\" sizes=\"auto, (max-width: 914px) 100vw, 914px\" \/><\/figure>\n\n<figure class=\"wp-block-image size-full\"><img loading=\"lazy\" decoding=\"async\" width=\"873\" height=\"325\" src=\"https:\/\/federicobrunner.com\/wp-content\/uploads\/2024\/04\/Federico_BrunnerRecurso-4.webp\" alt class=\"wp-image-1020\" srcset=\"https:\/\/federicobrunner.com\/wp-content\/uploads\/2024\/04\/Federico_BrunnerRecurso-4.webp 873w, https:\/\/federicobrunner.com\/wp-content\/uploads\/2024\/04\/Federico_BrunnerRecurso-4-300x112.webp 300w, https:\/\/federicobrunner.com\/wp-content\/uploads\/2024\/04\/Federico_BrunnerRecurso-4-768x286.webp 768w, https:\/\/federicobrunner.com\/wp-content\/uploads\/2024\/04\/Federico_BrunnerRecurso-4-18x7.webp 18w\" sizes=\"auto, (max-width: 873px) 100vw, 873px\" \/><\/figure>\n\n<h2 class=\"wp-block-heading\">Primera visita con Dr Brunner.<\/h2>\n\n<h3 class=\"wp-block-heading\">Primera Visita tradicional.<\/h3>\n\n<h3 class=\"wp-block-heading\">Anamnesis.<\/h3>\n\nLa anamnesis consiste en la recopilaci\u00f3n de informaci\u00f3n aportada por el paciente en la primera visita para la confecci\u00f3n de su historial m\u00e9dico. Considero de suma importancia establecer una conexi\u00f3n personal con el paciente y brindarle la oportunidad de que pueda  conocerme a m\u00ed tambi\u00e9n. Durante esta consulta inicial, me dedico a escuchar atentamente al paciente y recopilar de manera minuciosa toda la informaci\u00f3n que comparte conmigo. Es de vital importancia  asegurarme de que el paciente se encuentre en buen estado de salud general y no existan contradicciones para el tratamiento dental.\n\n<h3 class=\"wp-block-heading\">Radiograf\u00eda panor\u00e1mica.<\/h3>\n\n<p>Una vez realizado el primer contacto con el paciente (anamnesis), avanzamos a la fase de Exploraci\u00f3n Cl\u00ednica, la cual se divide en dos partes: Exploraci\u00f3n Cl\u00ednica Extraoral (fuera de la boca) y Exploraci\u00f3n Cl\u00ednica Intraoral (dentro de la boca).<\/p>\n\n<p>Exploraci\u00f3n Cl\u00ednica Extraoral:<br>\nLlevo a cabo una evaluaci\u00f3n de la cara, cuello del paciente, centr\u00e1ndome en la musculatura masticatoria, la articulaci\u00f3n temporomandibular (ATM) y el suelo de la boca. Durante esta fase, busco detectar m\u00fasculos hiperactivos, y evaluar la tonicidad muscular, la presencia de chasquidos y dolores articulares, puntos gatillos, tensiones y dolores musculares. Adem\u00e1s, analizo el grado de apertura bucal y la movilidad de la mand\u00edbula, busco posibles asimetr\u00edas funcionales o estructurales y examino el suelo de la boca para confirmar que no existen n\u00f3dulos, adenopat\u00edas, u otras asimetr\u00edas, entre otros aspectos que eval\u00fao en esta fase.<\/p>\n\n<p>Exploraci\u00f3n Cl\u00ednica Intraoral:<br>\nConsiste en un examen minucioso de toda la cavidad oral. Comienzo mi exploraci\u00f3n analizando todos los tejidos blandos de la boca (mejillas, paladar, lengua y suelo de la boca). Posteriormente, realizo una evaluaci\u00f3n periodontal b\u00e1sica para descartar la presencia de enfermedad periodontal o problemas en las enc\u00edas. Luego, procedo a inspeccionar y registrar todas las piezas dentales, as\u00ed como evaluar todos los tratamientos dentales presentes en la boca del paciente. Esto es lo que se conoce como realizar un Odontograma, donde recopilo toda la informaci\u00f3n sobre la situaci\u00f3n actual del paciente antes del tratamiento, incluyendo dientes ausentes, empastes, endodoncias, implantes y restauraciones presentes. Por \u00faltimo, analizo y verifico la forma en que el paciente muerde (funci\u00f3n masticatoria), asegur\u00e1ndome de que exista una oclusi\u00f3n o mordida estable, balanceada y bilateral sin dolor.<\/p>\n\nMe gustar\u00eda asegurarme de que entiendas claramente lo que suceder\u00e1 en relaci\u00f3n a tu primera visita.\n\n<figure class=\"wp-block-image size-full\"><img loading=\"lazy\" decoding=\"async\" width=\"716\" height=\"583\" src=\"https:\/\/federicobrunner.com\/wp-content\/uploads\/2024\/04\/Federico_BrunnerRecurso-1.webp\" alt class=\"wp-image-1046\" srcset=\"https:\/\/federicobrunner.com\/wp-content\/uploads\/2024\/04\/Federico_BrunnerRecurso-1.webp 716w, https:\/\/federicobrunner.com\/wp-content\/uploads\/2024\/04\/Federico_BrunnerRecurso-1-300x244.webp 300w, https:\/\/federicobrunner.com\/wp-content\/uploads\/2024\/04\/Federico_BrunnerRecurso-1-15x12.webp 15w\" sizes=\"auto, (max-width: 716px) 100vw, 716px\" \/><\/figure>\n\n<figure class=\"wp-block-image size-full\"><img loading=\"lazy\" decoding=\"async\" width=\"411\" height=\"486\" src=\"https:\/\/federicobrunner.com\/wp-content\/uploads\/2023\/09\/Recurso-26Smile-design.png\" alt class=\"wp-image-527\" srcset=\"https:\/\/federicobrunner.com\/wp-content\/uploads\/2023\/09\/Recurso-26Smile-design.png 411w, https:\/\/federicobrunner.com\/wp-content\/uploads\/2023\/09\/Recurso-26Smile-design-254x300.png 254w\" sizes=\"auto, (max-width: 411px) 100vw, 411px\" \/><\/figure>\n\n<h3 class=\"wp-block-heading\">Diagnostico &#8211; Plan de Tratamiento &#8211; Presupuesto.<\/h3>\n\nDespu\u00e9s de analizar los problemas y necesidades del paciente y discutir las posibles soluciones , elaborar\u00e9 un presupuesto detallado y crear\u00e9 un Plan de Tratamiento personalizado y espec\u00edfico para cada paciente. en ocasiones, es posible que te envie  el presupuesto estructurado por correo electr\u00f3nico.\n\n<h3 class=\"wp-block-heading\">\u00bfPara qui\u00e9n esta indicada esta Primera Visita tradicional?.<\/h3>\n\n<p>La primera consulta con el Dr. Brunner generalmente tiene una duraci\u00f3n de 10 a 20 minutos y es gratuita. Esta visita se recomienda especialmente para pacientes con problemas dentales espec\u00edficos (molestias o dolores, restaurar o reemplazar piezas dentales, sangrado de enc\u00edas, blanqueamiento dental, diagn\u00f3stico y revisi\u00f3n completa de la boca, etc.) <\/p><p>Adem\u00e1s, es adecuada para aquellos que buscan una segunda opini\u00f3n en temas est\u00e9ticos y funcionales, as\u00ed como para pacientes con bruxismo que buscan una f\u00e9rula de descarga.<\/p><p>Es importante que entiendas que, dependiendo de la gravedad y complejidad del caso, y especialmente en situaciones donde se requieren cambios est\u00e9ticas y cambios de sonrisa, ser\u00e1 necesario realizar un estudio m\u00e1s detallado y profundo conocido como Estudio de Arquitectura Dental o Dise\u00f1o de Sonrisa Digital (DSD).<\/p>\n\nVer DSD\n\n<h2 class=\"wp-block-heading\">Dise\u00f1o de Sonrisa Digital (DSD).<\/h2>\n\n<h3 class=\"wp-block-heading\">Estudio arquitectura dental.<\/h3>\n\nPrimera Visita Moderna.\n\n<p>Si buscas mejorar tu sonrisa y abordar problemas est\u00e9tico-funcionales, el Dise\u00f1o de Sonrisa o Arquitectura Dental es la soluci\u00f3n ideal. Este estudio consta de dos citas separadas por 10 d\u00edas h\u00e1biles (2 semanas). La primera cita, con una duraci\u00f3n de 45 minutos (CITA 1 DSD), se denomina Fase de Digitalizaci\u00f3n del Paciente. La segunda cita, con una duraci\u00f3n de 1 hora y 15 minutos (CITA 2 DSD), se conoce como Simulaci\u00f3n Real de Sonrisa, Test Drive o Mock-up.<\/p>\n\n<p>En la primera visita convencional, generalmente he tenido la oportunidad de conocerte y explicarte este estudio de Sonrisa. Sin embargo, si no hemos tenido ese encuentro previo por alguna raz\u00f3n, como vivir fuera de la localidad, ya estar segura de querer realizar el estudio, venir desde el extranjero, y deseas ahorrar tiempo, podemos reservar directamente una cita de 60 minutos para comenzar con la CITA 1 del Estudio de Dise\u00f1o de Sonrisa, donde tambi\u00e9n realizar\u00e9 todos los pasos descritos de la primera visita cl\u00e1sica.<\/p>\n\n<h3 class=\"wp-block-heading\">CITA 1 de DSD<br> (Digitalizaci\u00f3n del Paciente).<\/h3>\n\nDurante esta cita, se llevar\u00e1 a cabo la toma de fotograf\u00edas y videos de la cara y de la boca del paciente, as\u00ed como un escaneo intraoral (Impresi\u00f3n Digital). En algunos casos, podr\u00eda ser necesario realizar una radiograf\u00eda 3D o Tomograf\u00eda Axial Computarizada (TAC). Se abonar\u00e1 el 50% del costo total del estudio al reservar la cita, y el resto se pagar\u00e1 en la segunda cita del estudio DSD.\n\n<figure class=\"wp-block-image size-full\"><img loading=\"lazy\" decoding=\"async\" width=\"710\" height=\"515\" src=\"https:\/\/federicobrunner.com\/wp-content\/uploads\/2024\/04\/Recurso-4.webp\" alt class=\"wp-image-1080\" srcset=\"https:\/\/federicobrunner.com\/wp-content\/uploads\/2024\/04\/Recurso-4.webp 710w, https:\/\/federicobrunner.com\/wp-content\/uploads\/2024\/04\/Recurso-4-300x218.webp 300w, https:\/\/federicobrunner.com\/wp-content\/uploads\/2024\/04\/Recurso-4-18x12.webp 18w\" sizes=\"auto, (max-width: 710px) 100vw, 710px\" \/><\/figure>\n\n<h3 class=\"wp-block-heading\">Radiograf\u00eda panor\u00e1mica.<\/h3>\n\nComo parte de mi Evaluaci\u00f3n General, realizaremos una Radiograf\u00eda Panor\u00e1mica, tambi\u00e9n conocida como radiograf\u00eda 2D u Ortopantomograf\u00eda, que me proporciona una visi\u00f3n integral de tu boca. Sin embargo, si ya te han realizado una radiograf\u00eda recientemente, por favor, inf\u00f3rmalo en recepci\u00f3n para evitar repetirla innecesariamente. En este caso, env\u00edanos la Radiograf\u00eda por correo electr\u00f3nico o tr\u00e1ela contigo el d\u00eda de la primera visita , para incluirla en tu Historial. En algunos casos, es posible que te solicite que te hagas esta radiograf\u00eda en un centro de radiolog\u00eda especializado.\n\n<figure class=\"wp-block-image size-full\"><img loading=\"lazy\" decoding=\"async\" width=\"714\" height=\"395\" src=\"https:\/\/federicobrunner.com\/wp-content\/uploads\/2024\/04\/Recurso-5.webp\" alt class=\"wp-image-1081\" srcset=\"https:\/\/federicobrunner.com\/wp-content\/uploads\/2024\/04\/Recurso-5.webp 714w, https:\/\/federicobrunner.com\/wp-content\/uploads\/2024\/04\/Recurso-5-300x166.webp 300w, https:\/\/federicobrunner.com\/wp-content\/uploads\/2024\/04\/Recurso-5-18x10.webp 18w\" sizes=\"auto, (max-width: 714px) 100vw, 714px\" \/><\/figure>\n\nProgramar videollamada\n\n<h3 class=\"wp-block-heading\">Consulta<br>virtual.<\/h3>\n\n<p>Entiendo que tu tiempo puede ser limitado o que resides fuera de Madrid, incluso en el extranjero. Por esta raz\u00f3n, propongo que organicemos una breve videollamada para conocernos y abordar tus inquietudes de manera m\u00e1s personalizada.<\/p>\n\n<p>Usa el formulario de contacto, env\u00edame un whatsApp o un email, y si cuentas con fotos o radiograf\u00edas que puedas compartir, ser\u00eda beneficioso para tener una comprensi\u00f3n m\u00e1s precisa de tu situaci\u00f3n actual.<\/p>\n\n<figure class=\"wp-block-image size-full\"><img loading=\"lazy\" decoding=\"async\" width=\"718\" height=\"718\" src=\"https:\/\/federicobrunner.com\/wp-content\/uploads\/2024\/04\/Recurso-6.webp\" alt class=\"wp-image-1092\" srcset=\"https:\/\/federicobrunner.com\/wp-content\/uploads\/2024\/04\/Recurso-6.webp 718w, https:\/\/federicobrunner.com\/wp-content\/uploads\/2024\/04\/Recurso-6-300x300.webp 300w, https:\/\/federicobrunner.com\/wp-content\/uploads\/2024\/04\/Recurso-6-150x150.webp 150w, https:\/\/federicobrunner.com\/wp-content\/uploads\/2024\/04\/Recurso-6-12x12.webp 12w\" sizes=\"auto, (max-width: 718px) 100vw, 718px\" \/><\/figure>","protected":false},"excerpt":{"rendered":"<p>{post_title} Comencemos juntos el camino hacia una mejor salud dental. Primera consulta. Abordaje para nuevos pacientes. Historia m\u00e9dica. Para agilizar el proceso y brindarte la mejor atenci\u00f3n posible, cuando llegues a la Cl\u00ednica , se te solicitar\u00e1 que completes previamente un formulario con tus datos personales y datos m\u00e9dicos relevantes antes de nuestra cita. Esto [&hellip;]<\/p>","protected":false},"author":1,"featured_media":0,"parent":0,"menu_order":0,"comment_status":"closed","ping_status":"closed","template":"","meta":{"footnotes":""},"class_list":["post-1000","page","type-page","status-publish","hentry"],"yoast_head":"<!-- This site is optimized with the Yoast SEO plugin v24.4 - https:\/\/yoast.com\/wordpress\/plugins\/seo\/ -->\n<title>Tratamientos - Federico Brunner<\/title>\n<meta name=\"description\" content=\"Tratamiento dentales personalizados a cada paciente, necesidad y resultado esperado, los mejores tratamientos dentales a su alcance\" \/>\n<meta name=\"robots\" content=\"index, follow, max-snippet:-1, max-image-preview:large, max-video-preview:-1\" \/>\n<link rel=\"canonical\" href=\"https:\/\/federicobrunner.com\/en\/tratamientos\/\" \/>\n<meta property=\"og:locale\" content=\"en_GB\" \/>\n<meta property=\"og:type\" content=\"article\" \/>\n<meta property=\"og:title\" content=\"Tratamientos - Federico Brunner\" \/>\n<meta property=\"og:description\" content=\"Tratamiento dentales personalizados a cada paciente, necesidad y resultado esperado, los mejores tratamientos dentales a su alcance\" \/>\n<meta property=\"og:url\" content=\"https:\/\/federicobrunner.com\/en\/tratamientos\/\" \/>\n<meta property=\"og:site_name\" content=\"Federico Brunner\" \/>\n<meta property=\"article:modified_time\" content=\"2025-03-31T08:58:08+00:00\" \/>\n<meta property=\"og:image\" content=\"https:\/\/federicobrunner.com\/wp-content\/uploads\/2024\/04\/Federico_BrunnerRecurso-3.webp\" \/>\n\t<meta property=\"og:image:width\" content=\"914\" \/>\n\t<meta property=\"og:image:height\" content=\"610\" \/>\n\t<meta property=\"og:image:type\" content=\"image\/webp\" \/>\n<meta name=\"twitter:card\" content=\"summary_large_image\" \/>\n<meta name=\"twitter:label1\" content=\"Estimated reading time\" \/>\n\t<meta name=\"twitter:data1\" content=\"7 minutes\" \/>\n<script type=\"application\/ld+json\" class=\"yoast-schema-graph\">{\"@context\":\"https:\/\/schema.org\",\"@graph\":[{\"@type\":\"WebPage\",\"@id\":\"https:\/\/federicobrunner.com\/tratamientos\/\",\"url\":\"https:\/\/federicobrunner.com\/tratamientos\/\",\"name\":\"Tratamientos - Federico Brunner\",\"isPartOf\":{\"@id\":\"https:\/\/federicobrunner.com\/#website\"},\"primaryImageOfPage\":{\"@id\":\"https:\/\/federicobrunner.com\/tratamientos\/#primaryimage\"},\"image\":{\"@id\":\"https:\/\/federicobrunner.com\/tratamientos\/#primaryimage\"},\"thumbnailUrl\":\"https:\/\/federicobrunner.com\/wp-content\/uploads\/2024\/04\/Federico_BrunnerRecurso-3.webp\",\"datePublished\":\"2024-04-26T10:42:43+00:00\",\"dateModified\":\"2025-03-31T08:58:08+00:00\",\"description\":\"Tratamiento dentales personalizados a cada paciente, necesidad y resultado esperado, los mejores tratamientos dentales a su alcance\",\"breadcrumb\":{\"@id\":\"https:\/\/federicobrunner.com\/tratamientos\/#breadcrumb\"},\"inLanguage\":\"en-GB\",\"potentialAction\":[{\"@type\":\"ReadAction\",\"target\":[\"https:\/\/federicobrunner.com\/tratamientos\/\"]}]},{\"@type\":\"ImageObject\",\"inLanguage\":\"en-GB\",\"@id\":\"https:\/\/federicobrunner.com\/tratamientos\/#primaryimage\",\"url\":\"https:\/\/federicobrunner.com\/wp-content\/uploads\/2024\/04\/Federico_BrunnerRecurso-3.webp\",\"contentUrl\":\"https:\/\/federicobrunner.com\/wp-content\/uploads\/2024\/04\/Federico_BrunnerRecurso-3.webp\"},{\"@type\":\"BreadcrumbList\",\"@id\":\"https:\/\/federicobrunner.com\/tratamientos\/#breadcrumb\",\"itemListElement\":[{\"@type\":\"ListItem\",\"position\":1,\"name\":\"Portada\",\"item\":\"https:\/\/federicobrunner.com\/\"},{\"@type\":\"ListItem\",\"position\":2,\"name\":\"Tratamientos\"}]},{\"@type\":\"WebSite\",\"@id\":\"https:\/\/federicobrunner.com\/#website\",\"url\":\"https:\/\/federicobrunner.com\/\",\"name\":\"Federico Brunner\",\"description\":\"Smile Designer. Oral Architect. Oral Rehabilitation. Tailored Dentistry.\",\"publisher\":{\"@id\":\"https:\/\/federicobrunner.com\/#\/schema\/person\/ef5bf40e385085af5ed676206096b0f6\"},\"potentialAction\":[{\"@type\":\"SearchAction\",\"target\":{\"@type\":\"EntryPoint\",\"urlTemplate\":\"https:\/\/federicobrunner.com\/?s={search_term_string}\"},\"query-input\":{\"@type\":\"PropertyValueSpecification\",\"valueRequired\":true,\"valueName\":\"search_term_string\"}}],\"inLanguage\":\"en-GB\"},{\"@type\":[\"Person\",\"Organization\"],\"@id\":\"https:\/\/federicobrunner.com\/#\/schema\/person\/ef5bf40e385085af5ed676206096b0f6\",\"name\":\"Federico Brunner\",\"image\":{\"@type\":\"ImageObject\",\"inLanguage\":\"en-GB\",\"@id\":\"https:\/\/federicobrunner.com\/#\/schema\/person\/image\/\",\"url\":\"https:\/\/federicobrunner.com\/wp-content\/uploads\/2024\/11\/DSC_1358-copia-scaled.jpg\",\"contentUrl\":\"https:\/\/federicobrunner.com\/wp-content\/uploads\/2024\/11\/DSC_1358-copia-scaled.jpg\",\"width\":1709,\"height\":2560,\"caption\":\"Federico Brunner\"},\"logo\":{\"@id\":\"https:\/\/federicobrunner.com\/#\/schema\/person\/image\/\"}}]}<\/script>\n<!-- \/ Yoast SEO plugin. -->","yoast_head_json":{"title":"Tratamientos - Federico Brunner","description":"Tratamiento dentales personalizados a cada paciente, necesidad y resultado esperado, los mejores tratamientos dentales a su alcance","robots":{"index":"index","follow":"follow","max-snippet":"max-snippet:-1","max-image-preview":"max-image-preview:large","max-video-preview":"max-video-preview:-1"},"canonical":"https:\/\/federicobrunner.com\/en\/tratamientos\/","og_locale":"en_GB","og_type":"article","og_title":"Tratamientos - Federico Brunner","og_description":"Tratamiento dentales personalizados a cada paciente, necesidad y resultado esperado, los mejores tratamientos dentales a su alcance","og_url":"https:\/\/federicobrunner.com\/en\/tratamientos\/","og_site_name":"Federico Brunner","article_modified_time":"2025-03-31T08:58:08+00:00","og_image":[{"width":914,"height":610,"url":"https:\/\/federicobrunner.com\/wp-content\/uploads\/2024\/04\/Federico_BrunnerRecurso-3.webp","type":"image\/webp"}],"twitter_card":"summary_large_image","twitter_misc":{"Estimated reading time":"7 minutes"},"schema":{"@context":"https:\/\/schema.org","@graph":[{"@type":"WebPage","@id":"https:\/\/federicobrunner.com\/tratamientos\/","url":"https:\/\/federicobrunner.com\/tratamientos\/","name":"Tratamientos - Federico Brunner","isPartOf":{"@id":"https:\/\/federicobrunner.com\/#website"},"primaryImageOfPage":{"@id":"https:\/\/federicobrunner.com\/tratamientos\/#primaryimage"},"image":{"@id":"https:\/\/federicobrunner.com\/tratamientos\/#primaryimage"},"thumbnailUrl":"https:\/\/federicobrunner.com\/wp-content\/uploads\/2024\/04\/Federico_BrunnerRecurso-3.webp","datePublished":"2024-04-26T10:42:43+00:00","dateModified":"2025-03-31T08:58:08+00:00","description":"Tratamiento dentales personalizados a cada paciente, necesidad y resultado esperado, los mejores tratamientos dentales a su alcance","breadcrumb":{"@id":"https:\/\/federicobrunner.com\/tratamientos\/#breadcrumb"},"inLanguage":"en-GB","potentialAction":[{"@type":"ReadAction","target":["https:\/\/federicobrunner.com\/tratamientos\/"]}]},{"@type":"ImageObject","inLanguage":"en-GB","@id":"https:\/\/federicobrunner.com\/tratamientos\/#primaryimage","url":"https:\/\/federicobrunner.com\/wp-content\/uploads\/2024\/04\/Federico_BrunnerRecurso-3.webp","contentUrl":"https:\/\/federicobrunner.com\/wp-content\/uploads\/2024\/04\/Federico_BrunnerRecurso-3.webp"},{"@type":"BreadcrumbList","@id":"https:\/\/federicobrunner.com\/tratamientos\/#breadcrumb","itemListElement":[{"@type":"ListItem","position":1,"name":"Portada","item":"https:\/\/federicobrunner.com\/"},{"@type":"ListItem","position":2,"name":"Tratamientos"}]},{"@type":"WebSite","@id":"https:\/\/federicobrunner.com\/#website","url":"https:\/\/federicobrunner.com\/","name":"Federico Brunner","description":"Smile Designer. Oral Architect. Oral Rehabilitation. Tailored Dentistry.","publisher":{"@id":"https:\/\/federicobrunner.com\/#\/schema\/person\/ef5bf40e385085af5ed676206096b0f6"},"potentialAction":[{"@type":"SearchAction","target":{"@type":"EntryPoint","urlTemplate":"https:\/\/federicobrunner.com\/?s={search_term_string}"},"query-input":{"@type":"PropertyValueSpecification","valueRequired":true,"valueName":"search_term_string"}}],"inLanguage":"en-GB"},{"@type":["Person","Organization"],"@id":"https:\/\/federicobrunner.com\/#\/schema\/person\/ef5bf40e385085af5ed676206096b0f6","name":"Federico Brunner","image":{"@type":"ImageObject","inLanguage":"en-GB","@id":"https:\/\/federicobrunner.com\/#\/schema\/person\/image\/","url":"https:\/\/federicobrunner.com\/wp-content\/uploads\/2024\/11\/DSC_1358-copia-scaled.jpg","contentUrl":"https:\/\/federicobrunner.com\/wp-content\/uploads\/2024\/11\/DSC_1358-copia-scaled.jpg","width":1709,"height":2560,"caption":"Federico Brunner"},"logo":{"@id":"https:\/\/federicobrunner.com\/#\/schema\/person\/image\/"}}]}},"_links":{"self":[{"href":"https:\/\/federicobrunner.com\/en\/wp-json\/wp\/v2\/pages\/1000","targetHints":{"allow":["GET"]}}],"collection":[{"href":"https:\/\/federicobrunner.com\/en\/wp-json\/wp\/v2\/pages"}],"about":[{"href":"https:\/\/federicobrunner.com\/en\/wp-json\/wp\/v2\/types\/page"}],"author":[{"embeddable":true,"href":"https:\/\/federicobrunner.com\/en\/wp-json\/wp\/v2\/users\/1"}],"replies":[{"embeddable":true,"href":"https:\/\/federicobrunner.com\/en\/wp-json\/wp\/v2\/comments?post=1000"}],"version-history":[{"count":64,"href":"https:\/\/federicobrunner.com\/en\/wp-json\/wp\/v2\/pages\/1000\/revisions"}],"predecessor-version":[{"id":2033,"href":"https:\/\/federicobrunner.com\/en\/wp-json\/wp\/v2\/pages\/1000\/revisions\/2033"}],"wp:attachment":[{"href":"https:\/\/federicobrunner.com\/en\/wp-json\/wp\/v2\/media?parent=1000"}],"curies":[{"name":"wp","href":"https:\/\/api.w.org\/{rel}","templated":true}]}}