{"id":432,"date":"2023-09-07T10:54:08","date_gmt":"2023-09-07T10:54:08","guid":{"rendered":"https:\/\/dev.federicobrunner.com\/?page_id=432"},"modified":"2025-01-02T10:43:12","modified_gmt":"2025-01-02T10:43:12","slug":"bio","status":"publish","type":"page","link":"https:\/\/federicobrunner.com\/en\/bio\/","title":{"rendered":"Bio"},"content":{"rendered":"<h1 class=\"wp-block-heading\">Desde los 4 a\u00f1os siempre tuve claro que quer\u00eda ser dentista.<\/h1>\n\n<h2 class=\"wp-block-heading\">Hola<\/h2>\n\nSoy Federico Brunner, desde una edad temprana siempre tuve claro mi deseo de ser dentista. Muchas personas me dicen que tuve suerte, pero yo lo considero \u00abmi regalo\u00bb\n\nLa odontolog\u00eda me ha brindado la oportunidad de cambiar la percepci\u00f3n negativa que, tradicionalmente, las personas han tenido acerca de visitar al dentista, ya que suele asociarse con sentimientos como el dolor, el miedo o la ansiedad.\n\nMe siento agradecido porque mi profesi\u00f3n me permite ayudar y realizar verdaderos cambios y transformaciones en la vida de las personas.\rMi pasi\u00f3n por la fotograf\u00eda dental me ayuda a resaltar el lado m\u00e1s hermoso y art\u00edstico de esta noble profesi\u00f3n.\n\nDe manera natural, mi trayectoria ha seguido dos caminos paralelos y altamente complementarios que se enriquecen mutuamente: mi pasi\u00f3n por la pr\u00e1ctica cl\u00ednica y mi amor por la ense\u00f1anza.\n\n<p>Como <spam class=\"subrrayado\">odont\u00f3logo cl\u00ednico<\/spam>, considero que escuchar a mis pacientes y comprender sus inquietudes, problemas y expectativas es el punto de partida m\u00e1s importante para realizar un diagn\u00f3stico preciso y un plan de tratamiento adecuado. Cada paciente es \u00fanico y especial, por lo tanto, la soluci\u00f3n a sus problemas debe ser personalizada y adaptada a sus necesidades. Mi enfoque se basa en obtener informaci\u00f3n precisa del paciente (Digitalizaci\u00f3n del paciente) que me permita realizar un diagn\u00f3stico preciso y encontrar la mejor soluci\u00f3n y estrategia para cada caso.<\/p>\n\n<p>Comprendo la importancia de crear un ambiente c\u00e1lido y acogedor, donde mis pacientes se sientan c\u00f3modos y a gusto.<\/p>\n\n<p>Estoy comprometido en brindar no solo resultados excepcionales, sino tambi\u00e9n proporcionar un cuidado dental completo e integral de alta calidad, y una experiencia gratificante, satisfactoria y libre de dolor para cada uno de mis pacientes.<\/p><br><p>Como docente, considero que es de vital importancia mantenerme en constante formaci\u00f3n, ya que la b\u00fasqueda incansable de crecimiento y desarrollo es esencial tanto para mejorar como individuo y profesional. Siempre les digo a mis alumnos que \u00abense\u00f1ar es compartir mi experiencia con ellos, tal como otros mentores lo hicieron conmigo\u00bb. Hay un dicho que me apasiona y dice que para ense\u00f1ar, hay que estar siempre dispuesto a aprender. Ser docente me motiva a estar actualizado y mantener viva la curiosidad.<\/p>\n\n<p>Vivimos en una era de r\u00e1pidos avances tecnol\u00f3gicos, cambios sociales y transformaciones en el mercado laboral que nos obligan a adaptarnos constantemente. El aprendizaje continuo nos ayuda a mantenernos actualizados, fomentar la innovaci\u00f3n y adquirir las habilidades necesarias para enfrentar los nuevos desaf\u00edos.<\/p><p>En mi b\u00fasqueda de educaci\u00f3n de m\u00e1xima calidad, he viajado y visitado muchos pa\u00edses y universidades de todo el mundo, pero tambi\u00e9n, gracias a mis conferencias y cursos internacionales, he tenido la oportunidad de recorrer el globo y conocer a personas, equipos medicos, y lugares incre\u00edbles que me han inspirado y siguen inspir\u00e1ndome a evolucionar. Esto evita que mi trabajo se vuelva mon\u00f3tono y aburrido, sino todo lo contrario.<\/p>","protected":false},"excerpt":{"rendered":"<p>Desde los 4 a\u00f1os siempre tuve claro que quer\u00eda ser dentista. Hola Soy Federico Brunner, desde una edad temprana siempre tuve claro mi deseo de ser dentista. Muchas personas me dicen que tuve suerte, pero yo lo considero \u00abmi regalo\u00bb La odontolog\u00eda me ha brindado la oportunidad de cambiar la percepci\u00f3n negativa que, tradicionalmente, las [&hellip;]<\/p>","protected":false},"author":1,"featured_media":0,"parent":0,"menu_order":0,"comment_status":"closed","ping_status":"closed","template":"","meta":{"footnotes":""},"class_list":["post-432","page","type-page","status-publish","hentry"],"yoast_head":"<!-- This site is optimized with the Yoast SEO plugin v24.4 - https:\/\/yoast.com\/wordpress\/plugins\/seo\/ -->\n<title>Bio - Federico Brunner<\/title>\n<meta name=\"robots\" content=\"index, follow, max-snippet:-1, max-image-preview:large, max-video-preview:-1\" \/>\n<link rel=\"canonical\" href=\"https:\/\/federicobrunner.com\/en\/bio\/\" \/>\n<meta property=\"og:locale\" content=\"en_GB\" \/>\n<meta property=\"og:type\" content=\"article\" \/>\n<meta property=\"og:title\" content=\"Bio - Federico Brunner\" \/>\n<meta property=\"og:description\" content=\"Desde los 4 a\u00f1os siempre tuve claro que quer\u00eda ser dentista. Hola Soy Federico Brunner, desde una edad temprana siempre tuve claro mi deseo de ser dentista. Muchas personas me dicen que tuve suerte, pero yo lo considero \u00abmi regalo\u00bb La odontolog\u00eda me ha brindado la oportunidad de cambiar la percepci\u00f3n negativa que, tradicionalmente, las [&hellip;]\" \/>\n<meta property=\"og:url\" content=\"https:\/\/federicobrunner.com\/en\/bio\/\" \/>\n<meta property=\"og:site_name\" content=\"Federico Brunner\" \/>\n<meta property=\"article:modified_time\" content=\"2025-01-02T10:43:12+00:00\" \/>\n<meta name=\"twitter:card\" content=\"summary_large_image\" \/>\n<meta name=\"twitter:label1\" content=\"Estimated reading time\" \/>\n\t<meta name=\"twitter:data1\" content=\"3 minutes\" \/>\n<script type=\"application\/ld+json\" class=\"yoast-schema-graph\">{\"@context\":\"https:\/\/schema.org\",\"@graph\":[{\"@type\":\"WebPage\",\"@id\":\"https:\/\/federicobrunner.com\/bio\/\",\"url\":\"https:\/\/federicobrunner.com\/bio\/\",\"name\":\"Bio - Federico Brunner\",\"isPartOf\":{\"@id\":\"https:\/\/federicobrunner.com\/#website\"},\"datePublished\":\"2023-09-07T10:54:08+00:00\",\"dateModified\":\"2025-01-02T10:43:12+00:00\",\"breadcrumb\":{\"@id\":\"https:\/\/federicobrunner.com\/bio\/#breadcrumb\"},\"inLanguage\":\"en-GB\",\"potentialAction\":[{\"@type\":\"ReadAction\",\"target\":[\"https:\/\/federicobrunner.com\/bio\/\"]}]},{\"@type\":\"BreadcrumbList\",\"@id\":\"https:\/\/federicobrunner.com\/bio\/#breadcrumb\",\"itemListElement\":[{\"@type\":\"ListItem\",\"position\":1,\"name\":\"Portada\",\"item\":\"https:\/\/federicobrunner.com\/\"},{\"@type\":\"ListItem\",\"position\":2,\"name\":\"Bio\"}]},{\"@type\":\"WebSite\",\"@id\":\"https:\/\/federicobrunner.com\/#website\",\"url\":\"https:\/\/federicobrunner.com\/\",\"name\":\"Federico Brunner\",\"description\":\"Smile Designer. Oral Architect. Oral Rehabilitation. Tailored Dentistry.\",\"publisher\":{\"@id\":\"https:\/\/federicobrunner.com\/#\/schema\/person\/ef5bf40e385085af5ed676206096b0f6\"},\"potentialAction\":[{\"@type\":\"SearchAction\",\"target\":{\"@type\":\"EntryPoint\",\"urlTemplate\":\"https:\/\/federicobrunner.com\/?s={search_term_string}\"},\"query-input\":{\"@type\":\"PropertyValueSpecification\",\"valueRequired\":true,\"valueName\":\"search_term_string\"}}],\"inLanguage\":\"en-GB\"},{\"@type\":[\"Person\",\"Organization\"],\"@id\":\"https:\/\/federicobrunner.com\/#\/schema\/person\/ef5bf40e385085af5ed676206096b0f6\",\"name\":\"Federico Brunner\",\"image\":{\"@type\":\"ImageObject\",\"inLanguage\":\"en-GB\",\"@id\":\"https:\/\/federicobrunner.com\/#\/schema\/person\/image\/\",\"url\":\"https:\/\/federicobrunner.com\/wp-content\/uploads\/2024\/11\/DSC_1358-copia-scaled.jpg\",\"contentUrl\":\"https:\/\/federicobrunner.com\/wp-content\/uploads\/2024\/11\/DSC_1358-copia-scaled.jpg\",\"width\":1709,\"height\":2560,\"caption\":\"Federico Brunner\"},\"logo\":{\"@id\":\"https:\/\/federicobrunner.com\/#\/schema\/person\/image\/\"}}]}<\/script>\n<!-- \/ Yoast SEO plugin. -->","yoast_head_json":{"title":"Bio - Federico Brunner","robots":{"index":"index","follow":"follow","max-snippet":"max-snippet:-1","max-image-preview":"max-image-preview:large","max-video-preview":"max-video-preview:-1"},"canonical":"https:\/\/federicobrunner.com\/en\/bio\/","og_locale":"en_GB","og_type":"article","og_title":"Bio - Federico Brunner","og_description":"Desde los 4 a\u00f1os siempre tuve claro que quer\u00eda ser dentista. Hola Soy Federico Brunner, desde una edad temprana siempre tuve claro mi deseo de ser dentista. Muchas personas me dicen que tuve suerte, pero yo lo considero \u00abmi regalo\u00bb La odontolog\u00eda me ha brindado la oportunidad de cambiar la percepci\u00f3n negativa que, tradicionalmente, las [&hellip;]","og_url":"https:\/\/federicobrunner.com\/en\/bio\/","og_site_name":"Federico Brunner","article_modified_time":"2025-01-02T10:43:12+00:00","twitter_card":"summary_large_image","twitter_misc":{"Estimated reading time":"3 minutes"},"schema":{"@context":"https:\/\/schema.org","@graph":[{"@type":"WebPage","@id":"https:\/\/federicobrunner.com\/bio\/","url":"https:\/\/federicobrunner.com\/bio\/","name":"Bio - Federico Brunner","isPartOf":{"@id":"https:\/\/federicobrunner.com\/#website"},"datePublished":"2023-09-07T10:54:08+00:00","dateModified":"2025-01-02T10:43:12+00:00","breadcrumb":{"@id":"https:\/\/federicobrunner.com\/bio\/#breadcrumb"},"inLanguage":"en-GB","potentialAction":[{"@type":"ReadAction","target":["https:\/\/federicobrunner.com\/bio\/"]}]},{"@type":"BreadcrumbList","@id":"https:\/\/federicobrunner.com\/bio\/#breadcrumb","itemListElement":[{"@type":"ListItem","position":1,"name":"Portada","item":"https:\/\/federicobrunner.com\/"},{"@type":"ListItem","position":2,"name":"Bio"}]},{"@type":"WebSite","@id":"https:\/\/federicobrunner.com\/#website","url":"https:\/\/federicobrunner.com\/","name":"Federico Brunner","description":"Smile Designer. Oral Architect. Oral Rehabilitation. Tailored Dentistry.","publisher":{"@id":"https:\/\/federicobrunner.com\/#\/schema\/person\/ef5bf40e385085af5ed676206096b0f6"},"potentialAction":[{"@type":"SearchAction","target":{"@type":"EntryPoint","urlTemplate":"https:\/\/federicobrunner.com\/?s={search_term_string}"},"query-input":{"@type":"PropertyValueSpecification","valueRequired":true,"valueName":"search_term_string"}}],"inLanguage":"en-GB"},{"@type":["Person","Organization"],"@id":"https:\/\/federicobrunner.com\/#\/schema\/person\/ef5bf40e385085af5ed676206096b0f6","name":"Federico Brunner","image":{"@type":"ImageObject","inLanguage":"en-GB","@id":"https:\/\/federicobrunner.com\/#\/schema\/person\/image\/","url":"https:\/\/federicobrunner.com\/wp-content\/uploads\/2024\/11\/DSC_1358-copia-scaled.jpg","contentUrl":"https:\/\/federicobrunner.com\/wp-content\/uploads\/2024\/11\/DSC_1358-copia-scaled.jpg","width":1709,"height":2560,"caption":"Federico Brunner"},"logo":{"@id":"https:\/\/federicobrunner.com\/#\/schema\/person\/image\/"}}]}},"_links":{"self":[{"href":"https:\/\/federicobrunner.com\/en\/wp-json\/wp\/v2\/pages\/432","targetHints":{"allow":["GET"]}}],"collection":[{"href":"https:\/\/federicobrunner.com\/en\/wp-json\/wp\/v2\/pages"}],"about":[{"href":"https:\/\/federicobrunner.com\/en\/wp-json\/wp\/v2\/types\/page"}],"author":[{"embeddable":true,"href":"https:\/\/federicobrunner.com\/en\/wp-json\/wp\/v2\/users\/1"}],"replies":[{"embeddable":true,"href":"https:\/\/federicobrunner.com\/en\/wp-json\/wp\/v2\/comments?post=432"}],"version-history":[{"count":47,"href":"https:\/\/federicobrunner.com\/en\/wp-json\/wp\/v2\/pages\/432\/revisions"}],"predecessor-version":[{"id":2338,"href":"https:\/\/federicobrunner.com\/en\/wp-json\/wp\/v2\/pages\/432\/revisions\/2338"}],"wp:attachment":[{"href":"https:\/\/federicobrunner.com\/en\/wp-json\/wp\/v2\/media?parent=432"}],"curies":[{"name":"wp","href":"https:\/\/api.w.org\/{rel}","templated":true}]}}